{"id":7,"date":"2023-08-22T08:56:15","date_gmt":"2023-08-22T08:56:15","guid":{"rendered":"https:\/\/apicolf-firenze.it\/?page_id=7"},"modified":"2025-09-16T10:27:22","modified_gmt":"2025-09-16T10:27:22","slug":"home","status":"publish","type":"page","link":"https:\/\/apicolf-firenze.it\/","title":{"rendered":"HOME"},"content":{"rendered":"\n<div class=\"wp-block-columns is-layout-flex wp-container-core-columns-is-layout-9d6595d7 wp-block-columns-is-layout-flex\">\n<div class=\"wp-block-column is-layout-flow wp-block-column-is-layout-flow\">\n<figure class=\"wp-block-image size-full\"><img fetchpriority=\"high\" decoding=\"async\" width=\"750\" height=\"750\" src=\"https:\/\/apicolf-firenze.it\/wp-content\/uploads\/2025\/09\/foto1.jpg\" alt=\"\" class=\"wp-image-48\" srcset=\"https:\/\/apicolf-firenze.it\/wp-content\/uploads\/2025\/09\/foto1.jpg 750w, https:\/\/apicolf-firenze.it\/wp-content\/uploads\/2025\/09\/foto1-300x300.jpg 300w, https:\/\/apicolf-firenze.it\/wp-content\/uploads\/2025\/09\/foto1-150x150.jpg 150w\" sizes=\"(max-width: 750px) 100vw, 750px\" \/><\/figure>\n\n\n\n<h5 class=\"wp-block-heading\" id=\"vk-blocks\" style=\"margin-top:1.5rem;margin-bottom:1rem\">Obbiettivi<\/h5>\n\n\n\n<p>Un servizio ispirato alla&nbsp;<strong>libert\u00e0 e<\/strong>&nbsp;alla&nbsp;<strong>dignit\u00e0<\/strong>, espressione di solidariet\u00e0 e coordinato in modo che i collaboratori familiari vengano aiutati all\u2019autonomia e, liberati dalla dipendenza dagli altri, siano sufficienti a loro stessi.<\/p>\n\n\n\n<div style=\"height:30px\" aria-hidden=\"true\" class=\"wp-block-spacer\"><\/div>\n<\/div>\n\n\n\n<div class=\"wp-block-column is-layout-flow wp-block-column-is-layout-flow\">\n<figure class=\"wp-block-image size-full\"><img decoding=\"async\" width=\"750\" height=\"750\" src=\"https:\/\/apicolf-firenze.it\/wp-content\/uploads\/2025\/09\/foto2.jpg\" alt=\"\" class=\"wp-image-47\" srcset=\"https:\/\/apicolf-firenze.it\/wp-content\/uploads\/2025\/09\/foto2.jpg 750w, https:\/\/apicolf-firenze.it\/wp-content\/uploads\/2025\/09\/foto2-300x300.jpg 300w, https:\/\/apicolf-firenze.it\/wp-content\/uploads\/2025\/09\/foto2-150x150.jpg 150w\" sizes=\"(max-width: 750px) 100vw, 750px\" \/><\/figure>\n\n\n\n<h5 class=\"wp-block-heading\" id=\"vk-blocks\" style=\"margin-top:1.5rem;margin-bottom:1rem\">Mission<\/h5>\n\n\n\n<p>Apicolf per la&nbsp;<strong>promozione dei collaboratori familiari italiani ed esteri<\/strong>, come persone e come categorie, nella vita sociale, professionale e sindacale;<\/p>\n\n\n\n<div style=\"height:30px\" aria-hidden=\"true\" class=\"wp-block-spacer\"><\/div>\n<\/div>\n\n\n\n<div class=\"wp-block-column is-layout-flow wp-block-column-is-layout-flow\">\n<figure class=\"wp-block-image size-full\"><img decoding=\"async\" width=\"750\" height=\"750\" src=\"https:\/\/apicolf-firenze.it\/wp-content\/uploads\/2025\/09\/foto3.png\" alt=\"\" class=\"wp-image-43\" srcset=\"https:\/\/apicolf-firenze.it\/wp-content\/uploads\/2025\/09\/foto3.png 750w, https:\/\/apicolf-firenze.it\/wp-content\/uploads\/2025\/09\/foto3-300x300.png 300w, https:\/\/apicolf-firenze.it\/wp-content\/uploads\/2025\/09\/foto3-150x150.png 150w\" sizes=\"(max-width: 750px) 100vw, 750px\" \/><\/figure>\n\n\n\n<h5 class=\"wp-block-heading\" id=\"vk-blocks\" style=\"margin-top:1.5rem;margin-bottom:1rem\">Il nostro ruolo<\/h5>\n\n\n\n<p><strong>Federcolf<\/strong>&nbsp;\u00e8 chiamata a svolgere un ruolo importante nell\u2019<strong>accoglienza degli immigrati<\/strong>&nbsp;nella nostra societ\u00e0 e nella loro integrazione<\/p>\n\n\n\n<div style=\"height:30px\" aria-hidden=\"true\" class=\"wp-block-spacer\"><\/div>\n<\/div>\n\n\n\n<div class=\"wp-block-column is-layout-flow wp-block-column-is-layout-flow\">\n<figure class=\"wp-block-image size-full\"><img loading=\"lazy\" decoding=\"async\" width=\"750\" height=\"750\" src=\"https:\/\/apicolf-firenze.it\/wp-content\/uploads\/2025\/09\/foto4.png\" alt=\"\" class=\"wp-image-45\" srcset=\"https:\/\/apicolf-firenze.it\/wp-content\/uploads\/2025\/09\/foto4.png 750w, https:\/\/apicolf-firenze.it\/wp-content\/uploads\/2025\/09\/foto4-300x300.png 300w, https:\/\/apicolf-firenze.it\/wp-content\/uploads\/2025\/09\/foto4-150x150.png 150w\" sizes=\"(max-width: 750px) 100vw, 750px\" \/><\/figure>\n\n\n\n<h5 class=\"wp-block-heading\" id=\"vk-blocks\" style=\"margin-top:1.5rem;margin-bottom:1rem\">Formazione Api-Colf<\/h5>\n\n\n\n<p>L\u2019<strong>Api-Colf promuove incontri e attivit\u00e0 di formazione sociale<\/strong>, per generare opportunit\u00e0 di crescita professionale e umana dei collaboratori familiari..<\/p>\n\n\n\n<p><\/p>\n\n\n\n<div style=\"height:30px\" aria-hidden=\"true\" class=\"wp-block-spacer\"><\/div>\n<\/div>\n<\/div>\n","protected":false},"excerpt":{"rendered":"<p>Obbiettivi Un servizio ispirato alla&nbsp;libert\u00e0 e&nbsp;alla&nbsp;dignit\u00e0, espressione di solidariet\u00e0 e coordinato in modo che i collaboratori familiari vengano aiutati all\u2019autonomia e, liberati dalla dipendenza dagli altri, siano sufficienti a loro stessi. Mission Apicolf per la&nbsp;promozione dei collaboratori familiari italiani ed esteri, come persone e come categorie, nella vita sociale, professionale e sindacale; Il nostro ruolo [&hellip;]<\/p>\n","protected":false},"author":1,"featured_media":0,"parent":0,"menu_order":0,"comment_status":"closed","ping_status":"closed","template":"","meta":{"vkexunit_cta_each_option":"","footnotes":""},"class_list":["post-7","page","type-page","status-publish","hentry"],"_links":{"self":[{"href":"https:\/\/apicolf-firenze.it\/index.php?rest_route=\/wp\/v2\/pages\/7","targetHints":{"allow":["GET"]}}],"collection":[{"href":"https:\/\/apicolf-firenze.it\/index.php?rest_route=\/wp\/v2\/pages"}],"about":[{"href":"https:\/\/apicolf-firenze.it\/index.php?rest_route=\/wp\/v2\/types\/page"}],"author":[{"embeddable":true,"href":"https:\/\/apicolf-firenze.it\/index.php?rest_route=\/wp\/v2\/users\/1"}],"replies":[{"embeddable":true,"href":"https:\/\/apicolf-firenze.it\/index.php?rest_route=%2Fwp%2Fv2%2Fcomments&post=7"}],"version-history":[{"count":7,"href":"https:\/\/apicolf-firenze.it\/index.php?rest_route=\/wp\/v2\/pages\/7\/revisions"}],"predecessor-version":[{"id":63,"href":"https:\/\/apicolf-firenze.it\/index.php?rest_route=\/wp\/v2\/pages\/7\/revisions\/63"}],"wp:attachment":[{"href":"https:\/\/apicolf-firenze.it\/index.php?rest_route=%2Fwp%2Fv2%2Fmedia&parent=7"}],"curies":[{"name":"wp","href":"https:\/\/api.w.org\/{rel}","templated":true}]}}